{"id":35,"date":"2020-09-02T13:34:47","date_gmt":"2020-09-02T13:34:47","guid":{"rendered":"http:\/\/socially-awkward.de\/?page_id=35"},"modified":"2020-09-02T13:34:47","modified_gmt":"2020-09-02T13:34:47","slug":"impressum","status":"publish","type":"page","link":"http:\/\/socially-awkward.de\/?page_id=35","title":{"rendered":"Impressum"},"content":{"rendered":"\n<p>Angaben gem\u00e4\u00df \u00a7 5 TMG<\/p>\n\n\n\n<p>Stefanie Schu<br>Bleiwei\u00dfstra\u00dfe 10<br>60599 Frankfurt<\/p>\n\n\n\n<p><strong>Vertreten durch:&nbsp;<\/strong><br>Stefanie Schu<\/p>\n\n\n\n<p><strong>Kontakt:<\/strong><br>E-Mail:&nbsp;<a href=\"http:\/\/ohlookitsabook.com\/impressum\/s.schu@me.com\">s.schu@me.com<\/a><\/p>\n\n\n\n<p><strong>Verantwortlich f\u00fcr den Inhalt nach \u00a7 55 Abs. 2 RStV:<\/strong><br>Stefanie Schu<br>Bleiwei\u00dfstra\u00dfe 10<br>60599 Frankfurt<\/p>\n\n\n\n<p><strong>Haftungsausschluss:&nbsp;<\/strong><\/p>\n\n\n\n<p><strong>Haftung f\u00fcr Inhalte<\/strong><\/p>\n\n\n\n<p>Die Inhalte unserer Seiten wurden mit gr\u00f6\u00dfter Sorgfalt erstellt. F\u00fcr die Richtigkeit, Vollst\u00e4ndigkeit und Aktualit\u00e4t der Inhalte k\u00f6nnen wir jedoch keine Gew\u00e4hr \u00fcbernehmen. Als Diensteanbieter sind wir gem\u00e4\u00df \u00a7 7 Abs.1 TMG f\u00fcr eigene Inhalte auf diesen Seiten nach den allgemeinen Gesetzen verantwortlich. Nach \u00a7\u00a7 8 bis 10 TMG sind wir als Diensteanbieter jedoch nicht verpflichtet, \u00fcbermittelte oder gespeicherte fremde Informationen zu \u00fcberwachen oder nach Umst\u00e4nden zu forschen, die auf eine rechtswidrige T\u00e4tigkeit hinweisen. Verpflichtungen zur Entfernung oder Sperrung der Nutzung von Informationen nach den allgemeinen Gesetzen bleiben hiervon unber\u00fchrt. Eine diesbez\u00fcgliche Haftung ist jedoch erst ab dem Zeitpunkt der Kenntnis einer konkreten Rechtsverletzung m\u00f6glich. Bei Bekanntwerden von entsprechenden Rechtsverletzungen werden wir diese Inhalte umgehend entfernen.<\/p>\n\n\n\n<p><strong>Haftung f\u00fcr Links<\/strong><\/p>\n\n\n\n<p>Unser Angebot enth\u00e4lt Links zu externen Webseiten Dritter, auf deren Inhalte wir keinen Einfluss haben. Deshalb k\u00f6nnen wir f\u00fcr diese fremden Inhalte auch keine Gew\u00e4hr \u00fcbernehmen. F\u00fcr die Inhalte der verlinkten Seiten ist stets der jeweilige Anbieter oder Betreiber der Seiten verantwortlich. Die verlinkten Seiten wurden zum Zeitpunkt der Verlinkung auf m\u00f6gliche Rechtsverst\u00f6\u00dfe \u00fcberpr\u00fcft. Rechtswidrige Inhalte waren zum Zeitpunkt der Verlinkung nicht erkennbar. Eine permanente inhaltliche Kontrolle der verlinkten Seiten ist jedoch ohne konkrete Anhaltspunkte einer Rechtsverletzung nicht zumutbar. Bei Bekanntwerden von Rechtsverletzungen werden wir derartige Links umgehend entfernen.<\/p>\n\n\n\n<p><strong>Urheberrecht<\/strong><\/p>\n\n\n\n<p>Die durch die Seitenbetreiber erstellten Inhalte und Werke auf diesen Seiten unterliegen dem deutschen Urheberrecht. Die Vervielf\u00e4ltigung, Bearbeitung, Verbreitung und jede Art der Verwertung au\u00dferhalb der Grenzen des Urheberrechtes bed\u00fcrfen der schriftlichen Zustimmung des jeweiligen Autors bzw. Erstellers. Downloads und Kopien dieser Seite sind nur f\u00fcr den privaten, nicht kommerziellen Gebrauch gestattet. Soweit die Inhalte auf dieser Seite nicht vom Betreiber erstellt wurden, werden die Urheberrechte Dritter beachtet. Insbesondere werden Inhalte Dritter als solche gekennzeichnet. Sollten Sie trotzdem auf eine Urheberrechtsverletzung aufmerksam werden, bitten wir um einen entsprechenden Hinweis. Bei Bekanntwerden von Rechtsverletzungen werden wir derartige Inhalte umgehend entfernen.<\/p>\n","protected":false},"excerpt":{"rendered":"<p>Angaben gem\u00e4\u00df \u00a7 5 TMG Stefanie SchuBleiwei\u00dfstra\u00dfe 1060599 Frankfurt Vertreten durch:&nbsp;Stefanie Schu Kontakt:E-Mail:&nbsp;s.schu@me.com Verantwortlich f\u00fcr den Inhalt nach \u00a7 55 Abs. 2 RStV:Stefanie SchuBleiwei\u00dfstra\u00dfe 1060599 Frankfurt Haftungsausschluss:&nbsp; Haftung f\u00fcr Inhalte Die Inhalte unserer Seiten wurden mit gr\u00f6\u00dfter Sorgfalt erstellt. F\u00fcr die Richtigkeit, Vollst\u00e4ndigkeit und Aktualit\u00e4t der Inhalte k\u00f6nnen wir jedoch keine Gew\u00e4hr \u00fcbernehmen. Als Diensteanbieter [&hellip;]<\/p>\n","protected":false},"author":1,"featured_media":0,"parent":0,"menu_order":0,"comment_status":"closed","ping_status":"closed","template":"","meta":[],"yoast_head":"<!-- This site is optimized with the Yoast SEO plugin v20.2 - https:\/\/yoast.com\/wordpress\/plugins\/seo\/ -->\n<title>Impressum - meine Blogs<\/title>\n<meta name=\"robots\" content=\"index, follow, max-snippet:-1, max-image-preview:large, max-video-preview:-1\" \/>\n<link rel=\"canonical\" href=\"http:\/\/socially-awkward.de\/?page_id=35\" \/>\n<meta property=\"og:locale\" content=\"de_DE\" \/>\n<meta property=\"og:type\" content=\"article\" \/>\n<meta property=\"og:title\" content=\"Impressum - meine Blogs\" \/>\n<meta property=\"og:description\" content=\"Angaben gem\u00e4\u00df \u00a7 5 TMG Stefanie SchuBleiwei\u00dfstra\u00dfe 1060599 Frankfurt Vertreten durch:&nbsp;Stefanie Schu Kontakt:E-Mail:&nbsp;s.schu@me.com Verantwortlich f\u00fcr den Inhalt nach \u00a7 55 Abs. 2 RStV:Stefanie SchuBleiwei\u00dfstra\u00dfe 1060599 Frankfurt Haftungsausschluss:&nbsp; Haftung f\u00fcr Inhalte Die Inhalte unserer Seiten wurden mit gr\u00f6\u00dfter Sorgfalt erstellt. F\u00fcr die Richtigkeit, Vollst\u00e4ndigkeit und Aktualit\u00e4t der Inhalte k\u00f6nnen wir jedoch keine Gew\u00e4hr \u00fcbernehmen. Als Diensteanbieter [&hellip;]\" \/>\n<meta property=\"og:url\" content=\"http:\/\/socially-awkward.de\/?page_id=35\" \/>\n<meta property=\"og:site_name\" content=\"meine Blogs\" \/>\n<meta name=\"twitter:card\" content=\"summary_large_image\" \/>\n<meta name=\"twitter:label1\" content=\"Gesch\u00e4tzte Lesezeit\" \/>\n\t<meta name=\"twitter:data1\" content=\"2\u00a0Minuten\" \/>\n<script type=\"application\/ld+json\" class=\"yoast-schema-graph\">{\"@context\":\"https:\/\/schema.org\",\"@graph\":[{\"@type\":\"WebPage\",\"@id\":\"http:\/\/socially-awkward.de\/?page_id=35\",\"url\":\"http:\/\/socially-awkward.de\/?page_id=35\",\"name\":\"Impressum - meine Blogs\",\"isPartOf\":{\"@id\":\"http:\/\/socially-awkward.de\/#website\"},\"datePublished\":\"2020-09-02T13:34:47+00:00\",\"dateModified\":\"2020-09-02T13:34:47+00:00\",\"breadcrumb\":{\"@id\":\"http:\/\/socially-awkward.de\/?page_id=35#breadcrumb\"},\"inLanguage\":\"de\",\"potentialAction\":[{\"@type\":\"ReadAction\",\"target\":[\"http:\/\/socially-awkward.de\/?page_id=35\"]}]},{\"@type\":\"BreadcrumbList\",\"@id\":\"http:\/\/socially-awkward.de\/?page_id=35#breadcrumb\",\"itemListElement\":[{\"@type\":\"ListItem\",\"position\":1,\"name\":\"Startseite\",\"item\":\"http:\/\/socially-awkward.de\/\"},{\"@type\":\"ListItem\",\"position\":2,\"name\":\"Impressum\"}]},{\"@type\":\"WebSite\",\"@id\":\"http:\/\/socially-awkward.de\/#website\",\"url\":\"http:\/\/socially-awkward.de\/\",\"name\":\"meine Blogs\",\"description\":\"Jackies Blogiversum\",\"potentialAction\":[{\"@type\":\"SearchAction\",\"target\":{\"@type\":\"EntryPoint\",\"urlTemplate\":\"http:\/\/socially-awkward.de\/?s={search_term_string}\"},\"query-input\":\"required name=search_term_string\"}],\"inLanguage\":\"de\"}]}<\/script>\n<!-- \/ Yoast SEO plugin. -->","yoast_head_json":{"title":"Impressum - meine Blogs","robots":{"index":"index","follow":"follow","max-snippet":"max-snippet:-1","max-image-preview":"max-image-preview:large","max-video-preview":"max-video-preview:-1"},"canonical":"http:\/\/socially-awkward.de\/?page_id=35","og_locale":"de_DE","og_type":"article","og_title":"Impressum - meine Blogs","og_description":"Angaben gem\u00e4\u00df \u00a7 5 TMG Stefanie SchuBleiwei\u00dfstra\u00dfe 1060599 Frankfurt Vertreten durch:&nbsp;Stefanie Schu Kontakt:E-Mail:&nbsp;s.schu@me.com Verantwortlich f\u00fcr den Inhalt nach \u00a7 55 Abs. 2 RStV:Stefanie SchuBleiwei\u00dfstra\u00dfe 1060599 Frankfurt Haftungsausschluss:&nbsp; Haftung f\u00fcr Inhalte Die Inhalte unserer Seiten wurden mit gr\u00f6\u00dfter Sorgfalt erstellt. F\u00fcr die Richtigkeit, Vollst\u00e4ndigkeit und Aktualit\u00e4t der Inhalte k\u00f6nnen wir jedoch keine Gew\u00e4hr \u00fcbernehmen. Als Diensteanbieter [&hellip;]","og_url":"http:\/\/socially-awkward.de\/?page_id=35","og_site_name":"meine Blogs","twitter_card":"summary_large_image","twitter_misc":{"Gesch\u00e4tzte Lesezeit":"2\u00a0Minuten"},"schema":{"@context":"https:\/\/schema.org","@graph":[{"@type":"WebPage","@id":"http:\/\/socially-awkward.de\/?page_id=35","url":"http:\/\/socially-awkward.de\/?page_id=35","name":"Impressum - meine Blogs","isPartOf":{"@id":"http:\/\/socially-awkward.de\/#website"},"datePublished":"2020-09-02T13:34:47+00:00","dateModified":"2020-09-02T13:34:47+00:00","breadcrumb":{"@id":"http:\/\/socially-awkward.de\/?page_id=35#breadcrumb"},"inLanguage":"de","potentialAction":[{"@type":"ReadAction","target":["http:\/\/socially-awkward.de\/?page_id=35"]}]},{"@type":"BreadcrumbList","@id":"http:\/\/socially-awkward.de\/?page_id=35#breadcrumb","itemListElement":[{"@type":"ListItem","position":1,"name":"Startseite","item":"http:\/\/socially-awkward.de\/"},{"@type":"ListItem","position":2,"name":"Impressum"}]},{"@type":"WebSite","@id":"http:\/\/socially-awkward.de\/#website","url":"http:\/\/socially-awkward.de\/","name":"meine Blogs","description":"Jackies Blogiversum","potentialAction":[{"@type":"SearchAction","target":{"@type":"EntryPoint","urlTemplate":"http:\/\/socially-awkward.de\/?s={search_term_string}"},"query-input":"required name=search_term_string"}],"inLanguage":"de"}]}},"_links":{"self":[{"href":"http:\/\/socially-awkward.de\/index.php?rest_route=\/wp\/v2\/pages\/35"}],"collection":[{"href":"http:\/\/socially-awkward.de\/index.php?rest_route=\/wp\/v2\/pages"}],"about":[{"href":"http:\/\/socially-awkward.de\/index.php?rest_route=\/wp\/v2\/types\/page"}],"author":[{"embeddable":true,"href":"http:\/\/socially-awkward.de\/index.php?rest_route=\/wp\/v2\/users\/1"}],"replies":[{"embeddable":true,"href":"http:\/\/socially-awkward.de\/index.php?rest_route=%2Fwp%2Fv2%2Fcomments&post=35"}],"version-history":[{"count":1,"href":"http:\/\/socially-awkward.de\/index.php?rest_route=\/wp\/v2\/pages\/35\/revisions"}],"predecessor-version":[{"id":37,"href":"http:\/\/socially-awkward.de\/index.php?rest_route=\/wp\/v2\/pages\/35\/revisions\/37"}],"wp:attachment":[{"href":"http:\/\/socially-awkward.de\/index.php?rest_route=%2Fwp%2Fv2%2Fmedia&parent=35"}],"curies":[{"name":"wp","href":"https:\/\/api.w.org\/{rel}","templated":true}]}}